{"id":424,"date":"2022-07-13T17:42:35","date_gmt":"2022-07-13T15:42:35","guid":{"rendered":"http:\/\/vsnkman.cluster030.hosting.ovh.net\/?page_id=424"},"modified":"2023-01-24T16:42:27","modified_gmt":"2023-01-24T15:42:27","slug":"confidentialite","status":"publish","type":"page","link":"https:\/\/www.axelle-rencontres.fr\/index.php\/confidentialite\/","title":{"rendered":"Confidentialit\u00e9"},"content":{"rendered":"\t\t<div data-elementor-type=\"wp-page\" data-elementor-id=\"424\" class=\"elementor elementor-424\">\n\t\t\t\t\t\t<section class=\"elementor-section elementor-top-section elementor-element elementor-element-0a3d28f elementor-section-boxed elementor-section-height-default elementor-section-height-default\" data-id=\"0a3d28f\" data-element_type=\"section\">\n\t\t\t\t\t\t<div class=\"elementor-container elementor-column-gap-default\">\n\t\t\t\t\t<div class=\"elementor-column elementor-col-100 elementor-top-column elementor-element elementor-element-147b322\" data-id=\"147b322\" data-element_type=\"column\">\n\t\t\t<div class=\"elementor-widget-wrap elementor-element-populated\">\n\t\t\t\t\t\t<div class=\"elementor-element elementor-element-13b0be9 elementor-widget elementor-widget-menu-anchor\" data-id=\"13b0be9\" data-element_type=\"widget\" data-widget_type=\"menu-anchor.default\">\n\t\t\t\t<div class=\"elementor-widget-container\">\n\t\t\t<style>\/*! elementor - v3.20.0 - 26-03-2024 *\/\nbody.elementor-page .elementor-widget-menu-anchor{margin-bottom:0}<\/style>\t\t<div id=\"confidentialit\" class=\"elementor-menu-anchor\"><\/div>\n\t\t\t\t<\/div>\n\t\t\t\t<\/div>\n\t\t\t\t<div class=\"elementor-element elementor-element-9672816 elementor-widget elementor-widget-heading\" data-id=\"9672816\" data-element_type=\"widget\" data-widget_type=\"heading.default\">\n\t\t\t\t<div class=\"elementor-widget-container\">\n\t\t\t<style>\/*! elementor - v3.20.0 - 26-03-2024 *\/\n.elementor-heading-title{padding:0;margin:0;line-height:1}.elementor-widget-heading .elementor-heading-title[class*=elementor-size-]>a{color:inherit;font-size:inherit;line-height:inherit}.elementor-widget-heading .elementor-heading-title.elementor-size-small{font-size:15px}.elementor-widget-heading .elementor-heading-title.elementor-size-medium{font-size:19px}.elementor-widget-heading .elementor-heading-title.elementor-size-large{font-size:29px}.elementor-widget-heading .elementor-heading-title.elementor-size-xl{font-size:39px}.elementor-widget-heading .elementor-heading-title.elementor-size-xxl{font-size:59px}<\/style><h2 class=\"elementor-heading-title elementor-size-default\">Politique de confidentialit\u00e9<\/h2>\t\t<\/div>\n\t\t\t\t<\/div>\n\t\t\t\t\t<\/div>\n\t\t<\/div>\n\t\t\t\t\t<\/div>\n\t\t<\/section>\n\t\t\t\t<section class=\"elementor-section elementor-top-section elementor-element elementor-element-3968efa6 elementor-section-boxed elementor-section-height-default elementor-section-height-default\" data-id=\"3968efa6\" data-element_type=\"section\">\n\t\t\t\t\t\t<div class=\"elementor-container elementor-column-gap-default\">\n\t\t\t\t\t<div class=\"elementor-column elementor-col-100 elementor-top-column elementor-element elementor-element-18d08be4\" data-id=\"18d08be4\" data-element_type=\"column\">\n\t\t\t<div class=\"elementor-widget-wrap elementor-element-populated\">\n\t\t\t\t\t\t<div class=\"elementor-element elementor-element-5d114f1a elementor-widget elementor-widget-text-editor\" data-id=\"5d114f1a\" data-element_type=\"widget\" data-widget_type=\"text-editor.default\">\n\t\t\t\t<div class=\"elementor-widget-container\">\n\t\t\t<style>\/*! elementor - v3.20.0 - 26-03-2024 *\/\n.elementor-widget-text-editor.elementor-drop-cap-view-stacked .elementor-drop-cap{background-color:#69727d;color:#fff}.elementor-widget-text-editor.elementor-drop-cap-view-framed .elementor-drop-cap{color:#69727d;border:3px solid;background-color:transparent}.elementor-widget-text-editor:not(.elementor-drop-cap-view-default) .elementor-drop-cap{margin-top:8px}.elementor-widget-text-editor:not(.elementor-drop-cap-view-default) .elementor-drop-cap-letter{width:1em;height:1em}.elementor-widget-text-editor .elementor-drop-cap{float:left;text-align:center;line-height:1;font-size:50px}.elementor-widget-text-editor .elementor-drop-cap-letter{display:inline-block}<\/style>\t\t\t\t<p><!-- wp:paragraph --><\/p>\n<p>Axelle-rencontres s&rsquo;engage \u00e0 respecter la s\u00e9curit\u00e9 et la confidentialit\u00e9 des donn\u00e9es \u00e0 caract\u00e8re personnel de ces membres. Chaque abonn\u00e9 reste libre&nbsp;de ces donn\u00e9es personnelles. Axelle-rencontres vise \u00e0 garantir la protection effective des donn\u00e9es personnelles de ces membres et conforme au r\u00e8glement (UE) 2016\/679 du Parlement europ\u00e9en et du conseil du 26 avril2016 relative \u00e0 la protection des personnes physiques \u00e0 l&rsquo;\u00e9gard du traitement des donn\u00e9es \u00e0 caract\u00e8re personnel et \u00e0 la libre circulation de ces donn\u00e9es, qui est entr\u00e9 en vigueur le 25 mai 2018 (RGPD).<\/p>\n<p><!-- \/wp:paragraph --><\/p>\n<p><!-- wp:paragraph --><\/p>\n<p>Dirigeant :&nbsp;Axelle DENIS<\/p>\n<p><!-- \/wp:paragraph --><\/p>\n<p><!-- wp:paragraph --><\/p>\n<p>Si\u00e8ge social : 12 rue du 113\u00e8me 41000 Blois<\/p>\n<p><!-- \/wp:paragraph --><\/p>\n<p><!-- wp:paragraph --><\/p>\n<p>Siret : 94815957900010<\/p>\n<p><!-- \/wp:paragraph --><\/p>\n<p><!-- wp:paragraph --><\/p>\n<p>Les donn\u00e9es personnelles sont conserv\u00e9es tant que le membre est actif, sinon elles seront d\u00e9truites.<\/p>\n<p><!-- \/wp:paragraph --><\/p>\t\t\t\t\t\t<\/div>\n\t\t\t\t<\/div>\n\t\t\t\t\t<\/div>\n\t\t<\/div>\n\t\t\t\t\t<\/div>\n\t\t<\/section>\n\t\t\t\t<\/div>\n\t\t","protected":false},"excerpt":{"rendered":"<p>Politique de confidentialit\u00e9 Axelle-rencontres s&rsquo;engage \u00e0 respecter la s\u00e9curit\u00e9 et la confidentialit\u00e9 des donn\u00e9es \u00e0 caract\u00e8re personnel de ces membres. Chaque abonn\u00e9 reste libre&nbsp;de ces donn\u00e9es personnelles. Axelle-rencontres vise \u00e0 garantir la protection effective des donn\u00e9es personnelles de ces membres et conforme au r\u00e8glement (UE) 2016\/679 du Parlement europ\u00e9en et du conseil du 26 avril2016 [&hellip;]<\/p>\n","protected":false},"author":1,"featured_media":0,"parent":0,"menu_order":0,"comment_status":"closed","ping_status":"closed","template":"","meta":{"om_disable_all_campaigns":false,"_monsterinsights_skip_tracking":false,"_monsterinsights_sitenote_active":false,"_monsterinsights_sitenote_note":"","_monsterinsights_sitenote_category":0,"footnotes":""},"class_list":["post-424","page","type-page","status-publish","hentry"],"yoast_head":"<!-- This site is optimized with the Yoast SEO plugin v22.4 - https:\/\/yoast.com\/wordpress\/plugins\/seo\/ -->\n<title>Confidentialit\u00e9 - Axelle-Rencontres<\/title>\n<meta name=\"robots\" content=\"index, follow, max-snippet:-1, max-image-preview:large, max-video-preview:-1\" \/>\n<link rel=\"canonical\" href=\"https:\/\/www.axelle-rencontres.fr\/index.php\/confidentialite\/\" \/>\n<meta property=\"og:locale\" content=\"fr_FR\" \/>\n<meta property=\"og:type\" content=\"article\" \/>\n<meta property=\"og:title\" content=\"Confidentialit\u00e9 - Axelle-Rencontres\" \/>\n<meta property=\"og:description\" content=\"Politique de confidentialit\u00e9 Axelle-rencontres s&rsquo;engage \u00e0 respecter la s\u00e9curit\u00e9 et la confidentialit\u00e9 des donn\u00e9es \u00e0 caract\u00e8re personnel de ces membres. Chaque abonn\u00e9 reste libre&nbsp;de ces donn\u00e9es personnelles. Axelle-rencontres vise \u00e0 garantir la protection effective des donn\u00e9es personnelles de ces membres et conforme au r\u00e8glement (UE) 2016\/679 du Parlement europ\u00e9en et du conseil du 26 avril2016 [&hellip;]\" \/>\n<meta property=\"og:url\" content=\"https:\/\/www.axelle-rencontres.fr\/index.php\/confidentialite\/\" \/>\n<meta property=\"og:site_name\" content=\"Axelle-Rencontres\" \/>\n<meta property=\"article:publisher\" content=\"https:\/\/www.facebook.com\/AxelleRencontres\" \/>\n<meta property=\"article:modified_time\" content=\"2023-01-24T15:42:27+00:00\" \/>\n<meta name=\"twitter:card\" content=\"summary_large_image\" \/>\n<meta name=\"twitter:label1\" content=\"Dur\u00e9e de lecture estim\u00e9e\" \/>\n\t<meta name=\"twitter:data1\" content=\"1 minute\" \/>\n<script type=\"application\/ld+json\" class=\"yoast-schema-graph\">{\"@context\":\"https:\/\/schema.org\",\"@graph\":[{\"@type\":\"WebPage\",\"@id\":\"https:\/\/www.axelle-rencontres.fr\/index.php\/confidentialite\/\",\"url\":\"https:\/\/www.axelle-rencontres.fr\/index.php\/confidentialite\/\",\"name\":\"Confidentialit\u00e9 - Axelle-Rencontres\",\"isPartOf\":{\"@id\":\"https:\/\/www.axelle-rencontres.fr\/#website\"},\"datePublished\":\"2022-07-13T15:42:35+00:00\",\"dateModified\":\"2023-01-24T15:42:27+00:00\",\"breadcrumb\":{\"@id\":\"https:\/\/www.axelle-rencontres.fr\/index.php\/confidentialite\/#breadcrumb\"},\"inLanguage\":\"fr-FR\",\"potentialAction\":[{\"@type\":\"ReadAction\",\"target\":[\"https:\/\/www.axelle-rencontres.fr\/index.php\/confidentialite\/\"]}]},{\"@type\":\"BreadcrumbList\",\"@id\":\"https:\/\/www.axelle-rencontres.fr\/index.php\/confidentialite\/#breadcrumb\",\"itemListElement\":[{\"@type\":\"ListItem\",\"position\":1,\"name\":\"Accueil\",\"item\":\"https:\/\/www.axelle-rencontres.fr\/\"},{\"@type\":\"ListItem\",\"position\":2,\"name\":\"Confidentialit\u00e9\"}]},{\"@type\":\"WebSite\",\"@id\":\"https:\/\/www.axelle-rencontres.fr\/#website\",\"url\":\"https:\/\/www.axelle-rencontres.fr\/\",\"name\":\"Axelle-Rencontres\",\"description\":\"Agence matrimoniale agence de rencontres\",\"publisher\":{\"@id\":\"https:\/\/www.axelle-rencontres.fr\/#organization\"},\"potentialAction\":[{\"@type\":\"SearchAction\",\"target\":{\"@type\":\"EntryPoint\",\"urlTemplate\":\"https:\/\/www.axelle-rencontres.fr\/?s={search_term_string}\"},\"query-input\":\"required name=search_term_string\"}],\"inLanguage\":\"fr-FR\"},{\"@type\":\"Organization\",\"@id\":\"https:\/\/www.axelle-rencontres.fr\/#organization\",\"name\":\"Axelle-Rencontres\",\"url\":\"https:\/\/www.axelle-rencontres.fr\/\",\"logo\":{\"@type\":\"ImageObject\",\"inLanguage\":\"fr-FR\",\"@id\":\"https:\/\/www.axelle-rencontres.fr\/#\/schema\/logo\/image\/\",\"url\":\"https:\/\/www.axelle-rencontres.fr\/wp-content\/uploads\/2022\/07\/logoAR.png\",\"contentUrl\":\"https:\/\/www.axelle-rencontres.fr\/wp-content\/uploads\/2022\/07\/logoAR.png\",\"width\":500,\"height\":142,\"caption\":\"Axelle-Rencontres\"},\"image\":{\"@id\":\"https:\/\/www.axelle-rencontres.fr\/#\/schema\/logo\/image\/\"},\"sameAs\":[\"https:\/\/www.facebook.com\/AxelleRencontres\",\"https:\/\/www.instagram.com\/axelle_rencontres\/?hl=fr\"]}]}<\/script>\n<!-- \/ Yoast SEO plugin. -->","yoast_head_json":{"title":"Confidentialit\u00e9 - Axelle-Rencontres","robots":{"index":"index","follow":"follow","max-snippet":"max-snippet:-1","max-image-preview":"max-image-preview:large","max-video-preview":"max-video-preview:-1"},"canonical":"https:\/\/www.axelle-rencontres.fr\/index.php\/confidentialite\/","og_locale":"fr_FR","og_type":"article","og_title":"Confidentialit\u00e9 - Axelle-Rencontres","og_description":"Politique de confidentialit\u00e9 Axelle-rencontres s&rsquo;engage \u00e0 respecter la s\u00e9curit\u00e9 et la confidentialit\u00e9 des donn\u00e9es \u00e0 caract\u00e8re personnel de ces membres. Chaque abonn\u00e9 reste libre&nbsp;de ces donn\u00e9es personnelles. Axelle-rencontres vise \u00e0 garantir la protection effective des donn\u00e9es personnelles de ces membres et conforme au r\u00e8glement (UE) 2016\/679 du Parlement europ\u00e9en et du conseil du 26 avril2016 [&hellip;]","og_url":"https:\/\/www.axelle-rencontres.fr\/index.php\/confidentialite\/","og_site_name":"Axelle-Rencontres","article_publisher":"https:\/\/www.facebook.com\/AxelleRencontres","article_modified_time":"2023-01-24T15:42:27+00:00","twitter_card":"summary_large_image","twitter_misc":{"Dur\u00e9e de lecture estim\u00e9e":"1 minute"},"schema":{"@context":"https:\/\/schema.org","@graph":[{"@type":"WebPage","@id":"https:\/\/www.axelle-rencontres.fr\/index.php\/confidentialite\/","url":"https:\/\/www.axelle-rencontres.fr\/index.php\/confidentialite\/","name":"Confidentialit\u00e9 - Axelle-Rencontres","isPartOf":{"@id":"https:\/\/www.axelle-rencontres.fr\/#website"},"datePublished":"2022-07-13T15:42:35+00:00","dateModified":"2023-01-24T15:42:27+00:00","breadcrumb":{"@id":"https:\/\/www.axelle-rencontres.fr\/index.php\/confidentialite\/#breadcrumb"},"inLanguage":"fr-FR","potentialAction":[{"@type":"ReadAction","target":["https:\/\/www.axelle-rencontres.fr\/index.php\/confidentialite\/"]}]},{"@type":"BreadcrumbList","@id":"https:\/\/www.axelle-rencontres.fr\/index.php\/confidentialite\/#breadcrumb","itemListElement":[{"@type":"ListItem","position":1,"name":"Accueil","item":"https:\/\/www.axelle-rencontres.fr\/"},{"@type":"ListItem","position":2,"name":"Confidentialit\u00e9"}]},{"@type":"WebSite","@id":"https:\/\/www.axelle-rencontres.fr\/#website","url":"https:\/\/www.axelle-rencontres.fr\/","name":"Axelle-Rencontres","description":"Agence matrimoniale agence de rencontres","publisher":{"@id":"https:\/\/www.axelle-rencontres.fr\/#organization"},"potentialAction":[{"@type":"SearchAction","target":{"@type":"EntryPoint","urlTemplate":"https:\/\/www.axelle-rencontres.fr\/?s={search_term_string}"},"query-input":"required name=search_term_string"}],"inLanguage":"fr-FR"},{"@type":"Organization","@id":"https:\/\/www.axelle-rencontres.fr\/#organization","name":"Axelle-Rencontres","url":"https:\/\/www.axelle-rencontres.fr\/","logo":{"@type":"ImageObject","inLanguage":"fr-FR","@id":"https:\/\/www.axelle-rencontres.fr\/#\/schema\/logo\/image\/","url":"https:\/\/www.axelle-rencontres.fr\/wp-content\/uploads\/2022\/07\/logoAR.png","contentUrl":"https:\/\/www.axelle-rencontres.fr\/wp-content\/uploads\/2022\/07\/logoAR.png","width":500,"height":142,"caption":"Axelle-Rencontres"},"image":{"@id":"https:\/\/www.axelle-rencontres.fr\/#\/schema\/logo\/image\/"},"sameAs":["https:\/\/www.facebook.com\/AxelleRencontres","https:\/\/www.instagram.com\/axelle_rencontres\/?hl=fr"]}]}},"_links":{"self":[{"href":"https:\/\/www.axelle-rencontres.fr\/index.php\/wp-json\/wp\/v2\/pages\/424","targetHints":{"allow":["GET"]}}],"collection":[{"href":"https:\/\/www.axelle-rencontres.fr\/index.php\/wp-json\/wp\/v2\/pages"}],"about":[{"href":"https:\/\/www.axelle-rencontres.fr\/index.php\/wp-json\/wp\/v2\/types\/page"}],"author":[{"embeddable":true,"href":"https:\/\/www.axelle-rencontres.fr\/index.php\/wp-json\/wp\/v2\/users\/1"}],"replies":[{"embeddable":true,"href":"https:\/\/www.axelle-rencontres.fr\/index.php\/wp-json\/wp\/v2\/comments?post=424"}],"version-history":[{"count":25,"href":"https:\/\/www.axelle-rencontres.fr\/index.php\/wp-json\/wp\/v2\/pages\/424\/revisions"}],"predecessor-version":[{"id":1536,"href":"https:\/\/www.axelle-rencontres.fr\/index.php\/wp-json\/wp\/v2\/pages\/424\/revisions\/1536"}],"wp:attachment":[{"href":"https:\/\/www.axelle-rencontres.fr\/index.php\/wp-json\/wp\/v2\/media?parent=424"}],"curies":[{"name":"wp","href":"https:\/\/api.w.org\/{rel}","templated":true}]}}