{"id":831,"date":"2022-07-20T16:11:49","date_gmt":"2022-07-20T14:11:49","guid":{"rendered":"http:\/\/vsnkman.cluster030.hosting.ovh.net\/?page_id=831"},"modified":"2022-08-23T15:17:08","modified_gmt":"2022-08-23T13:17:08","slug":"articles-2","status":"publish","type":"page","link":"https:\/\/www.axelle-rencontres.fr\/index.php\/articles-2\/","title":{"rendered":"Articles"},"content":{"rendered":"<p style=\"text-align: center;\">Extrait du livre \u00ab\u00a0La Rencontre\u00a0\u00bb<\/p>\n<style>\/*! elementor - v3.6.7 - 03-07-2022 *\/<br \/>\n.elementor-widget-image{text-align:center}.elementor-widget-image a{display:inline-block}.elementor-widget-image a img[src$=\".svg\"]{width:48px}.elementor-widget-image img{vertical-align:middle;display:inline-block}<\/style>\n<p>\t\t\t\t\t\t\t\t\t\t\t\t<img loading=\"lazy\" decoding=\"async\" width=\"225\" height=\"300\" src=\"http:\/\/vsnkman.cluster030.hosting.ovh.net\/wp-content\/uploads\/2022\/07\/IMG_2672-scaled-e1658327066796-225x300.jpg\" alt=\"\" loading=\"lazy\" srcset=\"http:\/\/vsnkman.cluster030.hosting.ovh.net\/wp-content\/uploads\/2022\/07\/IMG_2672-scaled-e1658327066796-225x300.jpg 225w, http:\/\/vsnkman.cluster030.hosting.ovh.net\/wp-content\/uploads\/2022\/07\/IMG_2672-scaled-e1658327066796-768x1024.jpg 768w, http:\/\/vsnkman.cluster030.hosting.ovh.net\/wp-content\/uploads\/2022\/07\/IMG_2672-scaled-e1658327066796-1152x1536.jpg 1152w, http:\/\/vsnkman.cluster030.hosting.ovh.net\/wp-content\/uploads\/2022\/07\/IMG_2672-scaled-e1658327066796.jpg 1500w\" sizes=\"auto, (max-width: 225px) 100vw, 225px\"><br \/>\n<img loading=\"lazy\" decoding=\"async\" width=\"800\" height=\"600\" src=\"http:\/\/vsnkman.cluster030.hosting.ovh.net\/wp-content\/uploads\/2022\/07\/IMG_2671-copie-1024x768.jpg\" alt=\"\" loading=\"lazy\" srcset=\"http:\/\/vsnkman.cluster030.hosting.ovh.net\/wp-content\/uploads\/2022\/07\/IMG_2671-copie-1024x768.jpg 1024w, http:\/\/vsnkman.cluster030.hosting.ovh.net\/wp-content\/uploads\/2022\/07\/IMG_2671-copie-300x225.jpg 300w, http:\/\/vsnkman.cluster030.hosting.ovh.net\/wp-content\/uploads\/2022\/07\/IMG_2671-copie-768x576.jpg 768w, http:\/\/vsnkman.cluster030.hosting.ovh.net\/wp-content\/uploads\/2022\/07\/IMG_2671-copie-1536x1152.jpg 1536w, http:\/\/vsnkman.cluster030.hosting.ovh.net\/wp-content\/uploads\/2022\/07\/IMG_2671-copie-2048x1536.jpg 2048w\" sizes=\"auto, (max-width: 800px) 100vw, 800px\"><\/p>\n<p>Dans ce paragraphe, il faut noter qu&rsquo;une rencontre n&rsquo;est pas pr\u00e9vue. Notre id\u00e9al n&rsquo;est pas celui que l&rsquo;on croit. Ces deux \u00eatres font confiance \u00e0 leurs ressentis, \u00e9coutent leurs \u00e9motions.<\/p>\n","protected":false},"excerpt":{"rendered":"<p>Extrait du livre \u00ab\u00a0La Rencontre\u00a0\u00bb Dans ce paragraphe, il faut noter qu&rsquo;une rencontre n&rsquo;est pas pr\u00e9vue. Notre id\u00e9al n&rsquo;est pas celui que l&rsquo;on croit. Ces deux \u00eatres font confiance \u00e0 leurs ressentis, \u00e9coutent leurs \u00e9motions.<\/p>\n","protected":false},"author":1,"featured_media":0,"parent":0,"menu_order":0,"comment_status":"closed","ping_status":"closed","template":"","meta":{"om_disable_all_campaigns":false,"_monsterinsights_skip_tracking":false,"_monsterinsights_sitenote_active":false,"_monsterinsights_sitenote_note":"","_monsterinsights_sitenote_category":0,"footnotes":""},"class_list":["post-831","page","type-page","status-publish","hentry"],"yoast_head":"<!-- This site is optimized with the Yoast SEO plugin v22.4 - https:\/\/yoast.com\/wordpress\/plugins\/seo\/ -->\n<title>Articles - Axelle-Rencontres<\/title>\n<meta name=\"robots\" content=\"index, follow, max-snippet:-1, max-image-preview:large, max-video-preview:-1\" \/>\n<link rel=\"canonical\" href=\"https:\/\/www.axelle-rencontres.fr\/index.php\/articles-2\/\" \/>\n<meta property=\"og:locale\" content=\"fr_FR\" \/>\n<meta property=\"og:type\" content=\"article\" \/>\n<meta property=\"og:title\" content=\"Articles - Axelle-Rencontres\" \/>\n<meta property=\"og:description\" content=\"Extrait du livre \u00ab\u00a0La Rencontre\u00a0\u00bb Dans ce paragraphe, il faut noter qu&rsquo;une rencontre n&rsquo;est pas pr\u00e9vue. Notre id\u00e9al n&rsquo;est pas celui que l&rsquo;on croit. Ces deux \u00eatres font confiance \u00e0 leurs ressentis, \u00e9coutent leurs \u00e9motions.\" \/>\n<meta property=\"og:url\" content=\"https:\/\/www.axelle-rencontres.fr\/index.php\/articles-2\/\" \/>\n<meta property=\"og:site_name\" content=\"Axelle-Rencontres\" \/>\n<meta property=\"article:publisher\" content=\"https:\/\/www.facebook.com\/AxelleRencontres\" \/>\n<meta property=\"article:modified_time\" content=\"2022-08-23T13:17:08+00:00\" \/>\n<meta property=\"og:image\" content=\"http:\/\/vsnkman.cluster030.hosting.ovh.net\/wp-content\/uploads\/2022\/07\/IMG_2672-scaled-e1658327066796-225x300.jpg\" \/>\n<meta name=\"twitter:card\" content=\"summary_large_image\" \/>\n<script type=\"application\/ld+json\" class=\"yoast-schema-graph\">{\"@context\":\"https:\/\/schema.org\",\"@graph\":[{\"@type\":\"WebPage\",\"@id\":\"https:\/\/www.axelle-rencontres.fr\/index.php\/articles-2\/\",\"url\":\"https:\/\/www.axelle-rencontres.fr\/index.php\/articles-2\/\",\"name\":\"Articles - Axelle-Rencontres\",\"isPartOf\":{\"@id\":\"https:\/\/www.axelle-rencontres.fr\/#website\"},\"primaryImageOfPage\":{\"@id\":\"https:\/\/www.axelle-rencontres.fr\/index.php\/articles-2\/#primaryimage\"},\"image\":{\"@id\":\"https:\/\/www.axelle-rencontres.fr\/index.php\/articles-2\/#primaryimage\"},\"thumbnailUrl\":\"http:\/\/vsnkman.cluster030.hosting.ovh.net\/wp-content\/uploads\/2022\/07\/IMG_2672-scaled-e1658327066796-225x300.jpg\",\"datePublished\":\"2022-07-20T14:11:49+00:00\",\"dateModified\":\"2022-08-23T13:17:08+00:00\",\"breadcrumb\":{\"@id\":\"https:\/\/www.axelle-rencontres.fr\/index.php\/articles-2\/#breadcrumb\"},\"inLanguage\":\"fr-FR\",\"potentialAction\":[{\"@type\":\"ReadAction\",\"target\":[\"https:\/\/www.axelle-rencontres.fr\/index.php\/articles-2\/\"]}]},{\"@type\":\"ImageObject\",\"inLanguage\":\"fr-FR\",\"@id\":\"https:\/\/www.axelle-rencontres.fr\/index.php\/articles-2\/#primaryimage\",\"url\":\"http:\/\/vsnkman.cluster030.hosting.ovh.net\/wp-content\/uploads\/2022\/07\/IMG_2672-scaled-e1658327066796-225x300.jpg\",\"contentUrl\":\"http:\/\/vsnkman.cluster030.hosting.ovh.net\/wp-content\/uploads\/2022\/07\/IMG_2672-scaled-e1658327066796-225x300.jpg\"},{\"@type\":\"BreadcrumbList\",\"@id\":\"https:\/\/www.axelle-rencontres.fr\/index.php\/articles-2\/#breadcrumb\",\"itemListElement\":[{\"@type\":\"ListItem\",\"position\":1,\"name\":\"Accueil\",\"item\":\"https:\/\/www.axelle-rencontres.fr\/\"},{\"@type\":\"ListItem\",\"position\":2,\"name\":\"Articles\"}]},{\"@type\":\"WebSite\",\"@id\":\"https:\/\/www.axelle-rencontres.fr\/#website\",\"url\":\"https:\/\/www.axelle-rencontres.fr\/\",\"name\":\"Axelle-Rencontres\",\"description\":\"Agence matrimoniale agence de rencontres\",\"publisher\":{\"@id\":\"https:\/\/www.axelle-rencontres.fr\/#organization\"},\"potentialAction\":[{\"@type\":\"SearchAction\",\"target\":{\"@type\":\"EntryPoint\",\"urlTemplate\":\"https:\/\/www.axelle-rencontres.fr\/?s={search_term_string}\"},\"query-input\":\"required name=search_term_string\"}],\"inLanguage\":\"fr-FR\"},{\"@type\":\"Organization\",\"@id\":\"https:\/\/www.axelle-rencontres.fr\/#organization\",\"name\":\"Axelle-Rencontres\",\"url\":\"https:\/\/www.axelle-rencontres.fr\/\",\"logo\":{\"@type\":\"ImageObject\",\"inLanguage\":\"fr-FR\",\"@id\":\"https:\/\/www.axelle-rencontres.fr\/#\/schema\/logo\/image\/\",\"url\":\"https:\/\/www.axelle-rencontres.fr\/wp-content\/uploads\/2022\/07\/logoAR.png\",\"contentUrl\":\"https:\/\/www.axelle-rencontres.fr\/wp-content\/uploads\/2022\/07\/logoAR.png\",\"width\":500,\"height\":142,\"caption\":\"Axelle-Rencontres\"},\"image\":{\"@id\":\"https:\/\/www.axelle-rencontres.fr\/#\/schema\/logo\/image\/\"},\"sameAs\":[\"https:\/\/www.facebook.com\/AxelleRencontres\",\"https:\/\/www.instagram.com\/axelle_rencontres\/?hl=fr\"]}]}<\/script>\n<!-- \/ Yoast SEO plugin. -->","yoast_head_json":{"title":"Articles - Axelle-Rencontres","robots":{"index":"index","follow":"follow","max-snippet":"max-snippet:-1","max-image-preview":"max-image-preview:large","max-video-preview":"max-video-preview:-1"},"canonical":"https:\/\/www.axelle-rencontres.fr\/index.php\/articles-2\/","og_locale":"fr_FR","og_type":"article","og_title":"Articles - Axelle-Rencontres","og_description":"Extrait du livre \u00ab\u00a0La Rencontre\u00a0\u00bb Dans ce paragraphe, il faut noter qu&rsquo;une rencontre n&rsquo;est pas pr\u00e9vue. Notre id\u00e9al n&rsquo;est pas celui que l&rsquo;on croit. Ces deux \u00eatres font confiance \u00e0 leurs ressentis, \u00e9coutent leurs \u00e9motions.","og_url":"https:\/\/www.axelle-rencontres.fr\/index.php\/articles-2\/","og_site_name":"Axelle-Rencontres","article_publisher":"https:\/\/www.facebook.com\/AxelleRencontres","article_modified_time":"2022-08-23T13:17:08+00:00","og_image":[{"url":"http:\/\/vsnkman.cluster030.hosting.ovh.net\/wp-content\/uploads\/2022\/07\/IMG_2672-scaled-e1658327066796-225x300.jpg"}],"twitter_card":"summary_large_image","schema":{"@context":"https:\/\/schema.org","@graph":[{"@type":"WebPage","@id":"https:\/\/www.axelle-rencontres.fr\/index.php\/articles-2\/","url":"https:\/\/www.axelle-rencontres.fr\/index.php\/articles-2\/","name":"Articles - Axelle-Rencontres","isPartOf":{"@id":"https:\/\/www.axelle-rencontres.fr\/#website"},"primaryImageOfPage":{"@id":"https:\/\/www.axelle-rencontres.fr\/index.php\/articles-2\/#primaryimage"},"image":{"@id":"https:\/\/www.axelle-rencontres.fr\/index.php\/articles-2\/#primaryimage"},"thumbnailUrl":"http:\/\/vsnkman.cluster030.hosting.ovh.net\/wp-content\/uploads\/2022\/07\/IMG_2672-scaled-e1658327066796-225x300.jpg","datePublished":"2022-07-20T14:11:49+00:00","dateModified":"2022-08-23T13:17:08+00:00","breadcrumb":{"@id":"https:\/\/www.axelle-rencontres.fr\/index.php\/articles-2\/#breadcrumb"},"inLanguage":"fr-FR","potentialAction":[{"@type":"ReadAction","target":["https:\/\/www.axelle-rencontres.fr\/index.php\/articles-2\/"]}]},{"@type":"ImageObject","inLanguage":"fr-FR","@id":"https:\/\/www.axelle-rencontres.fr\/index.php\/articles-2\/#primaryimage","url":"http:\/\/vsnkman.cluster030.hosting.ovh.net\/wp-content\/uploads\/2022\/07\/IMG_2672-scaled-e1658327066796-225x300.jpg","contentUrl":"http:\/\/vsnkman.cluster030.hosting.ovh.net\/wp-content\/uploads\/2022\/07\/IMG_2672-scaled-e1658327066796-225x300.jpg"},{"@type":"BreadcrumbList","@id":"https:\/\/www.axelle-rencontres.fr\/index.php\/articles-2\/#breadcrumb","itemListElement":[{"@type":"ListItem","position":1,"name":"Accueil","item":"https:\/\/www.axelle-rencontres.fr\/"},{"@type":"ListItem","position":2,"name":"Articles"}]},{"@type":"WebSite","@id":"https:\/\/www.axelle-rencontres.fr\/#website","url":"https:\/\/www.axelle-rencontres.fr\/","name":"Axelle-Rencontres","description":"Agence matrimoniale agence de rencontres","publisher":{"@id":"https:\/\/www.axelle-rencontres.fr\/#organization"},"potentialAction":[{"@type":"SearchAction","target":{"@type":"EntryPoint","urlTemplate":"https:\/\/www.axelle-rencontres.fr\/?s={search_term_string}"},"query-input":"required name=search_term_string"}],"inLanguage":"fr-FR"},{"@type":"Organization","@id":"https:\/\/www.axelle-rencontres.fr\/#organization","name":"Axelle-Rencontres","url":"https:\/\/www.axelle-rencontres.fr\/","logo":{"@type":"ImageObject","inLanguage":"fr-FR","@id":"https:\/\/www.axelle-rencontres.fr\/#\/schema\/logo\/image\/","url":"https:\/\/www.axelle-rencontres.fr\/wp-content\/uploads\/2022\/07\/logoAR.png","contentUrl":"https:\/\/www.axelle-rencontres.fr\/wp-content\/uploads\/2022\/07\/logoAR.png","width":500,"height":142,"caption":"Axelle-Rencontres"},"image":{"@id":"https:\/\/www.axelle-rencontres.fr\/#\/schema\/logo\/image\/"},"sameAs":["https:\/\/www.facebook.com\/AxelleRencontres","https:\/\/www.instagram.com\/axelle_rencontres\/?hl=fr"]}]}},"_links":{"self":[{"href":"https:\/\/www.axelle-rencontres.fr\/index.php\/wp-json\/wp\/v2\/pages\/831","targetHints":{"allow":["GET"]}}],"collection":[{"href":"https:\/\/www.axelle-rencontres.fr\/index.php\/wp-json\/wp\/v2\/pages"}],"about":[{"href":"https:\/\/www.axelle-rencontres.fr\/index.php\/wp-json\/wp\/v2\/types\/page"}],"author":[{"embeddable":true,"href":"https:\/\/www.axelle-rencontres.fr\/index.php\/wp-json\/wp\/v2\/users\/1"}],"replies":[{"embeddable":true,"href":"https:\/\/www.axelle-rencontres.fr\/index.php\/wp-json\/wp\/v2\/comments?post=831"}],"version-history":[{"count":17,"href":"https:\/\/www.axelle-rencontres.fr\/index.php\/wp-json\/wp\/v2\/pages\/831\/revisions"}],"predecessor-version":[{"id":1202,"href":"https:\/\/www.axelle-rencontres.fr\/index.php\/wp-json\/wp\/v2\/pages\/831\/revisions\/1202"}],"wp:attachment":[{"href":"https:\/\/www.axelle-rencontres.fr\/index.php\/wp-json\/wp\/v2\/media?parent=831"}],"curies":[{"name":"wp","href":"https:\/\/api.w.org\/{rel}","templated":true}]}}